{"id":1023,"date":"2013-02-12T12:26:19","date_gmt":"2013-02-12T10:26:19","guid":{"rendered":"https:\/\/wasa.ee\/?page_id=1023"},"modified":"2015-06-11T12:58:16","modified_gmt":"2015-06-11T09:58:16","slug":"wasan-tarina","status":"publish","type":"page","link":"https:\/\/www.wasa.ee\/fi\/hotelli\/wasan-tarina\/","title":{"rendered":"Wasan tarina"},"content":{"rendered":"<h4>KYLPYL\u00c4KAUPUNKI P\u00c4RNU<\/h4>\n<p>P\u00e4rnu\u00a0valkeine hiekkarantoineen ja l\u00e4mpimine uimavesineen on parhaita paikkoja lomanviettoon. T\u00e4m\u00e4 suotuisa ilmasto ja sijainti ovat olleet my\u00f6s P\u00e4rnun kylpyl\u00e4kaupungiksi kehittymisen taustalla. Jo 1800-luvun alussa harrastettiin kaupungissa merikylpyj\u00e4, my\u00f6hemmin l\u00f6ydettiin l\u00e4hiseudulta hoitavaa meri- ja turvemutaa. Viron itsen\u00e4istytty\u00e4 1900-luvun alussa kehitettiin kylpyl\u00e4\u00e4 ja kaupunkiin rakennettiin kes\u00e4vieraiden majoittamiseen useita pensionaatteja ja huviloita.<\/p>\n<p>N\u00e4in rakennettiin meriteitse kaupunkiin saapuvia ruotsalaisia varten Villa Vasa, joka on t\u00e4n\u00e4\u00e4n osa nykyist\u00e4 Wasa hotellia. Alusta alkaen, eli vuodesta 1938, syd\u00e4npotilaiden hoitokeskuksena tunnetun arvokkaan talon aikakautensa henke\u00e4 heijastava arkkitehtuuri ja hyv\u00e4ll\u00e4 maulla suunniteltu piha tekev\u00e4t t\u00e4\u00e4ll\u00e4 olosta erityisen miellytt\u00e4v\u00e4n.<\/p>\n<p>Vuonna 2013 viett\u00e4\u00e4 Hotelli Wasa 75- ja P\u00e4rnun kylpyl\u00e4kaupunki 175-vuotisjuhlaansa.<\/p>\n<h4>HOTELLI WASA<\/h4>\n<p>Vuoden 2013 alusta vaihtui hotellin nimi entisen Taastusravikeskus S\u00f5prusen sijaan taas Wasaksi.<br \/>\n75-toimintavuottaan juhliva kuntoutus- ja kylpyl\u00e4keskus Wasa\u00a0perustettiin vuonna 1938 Eha-kadun varrelle soittolavan taakse. Aleksander N\u00fcrnbergin suunnitelman mukaisesti rakennettu pensionaatti -hotelli on 1930-luvun tyylinen pelkistetty funktionalistinen rakennus.<\/p>\n<p>Nimi \u201dhotelli-pensionaatti Vasa\u201d annettiin entisen laivayhti\u00f6 P\u00e4rnu Laeva AS aluksen mukaan, joka kuljetti vuosikymmeni\u00e4 P\u00e4rnuun ruotsalaisia kylpyl\u00e4vieraita.<\/p>\n<p>&nbsp;<\/p>\n","protected":false},"excerpt":{"rendered":"<p>KYLPYL\u00c4KAUPUNKI P\u00c4RNU P\u00e4rnu\u00a0valkeine hiekkarantoineen ja l\u00e4mpimine uimavesineen on parhaita paikkoja lomanviettoon. T\u00e4m\u00e4 suotuisa ilmasto ja [&hellip;]<\/p>\n","protected":false},"author":23,"featured_media":0,"parent":861,"menu_order":40,"comment_status":"closed","ping_status":"closed","template":"","meta":{"footnotes":""},"class_list":["post-1023","page","type-page","status-publish","hentry"],"_links":{"self":[{"href":"https:\/\/www.wasa.ee\/fi\/wp-json\/wp\/v2\/pages\/1023","targetHints":{"allow":["GET"]}}],"collection":[{"href":"https:\/\/www.wasa.ee\/fi\/wp-json\/wp\/v2\/pages"}],"about":[{"href":"https:\/\/www.wasa.ee\/fi\/wp-json\/wp\/v2\/types\/page"}],"author":[{"embeddable":true,"href":"https:\/\/www.wasa.ee\/fi\/wp-json\/wp\/v2\/users\/23"}],"replies":[{"embeddable":true,"href":"https:\/\/www.wasa.ee\/fi\/wp-json\/wp\/v2\/comments?post=1023"}],"version-history":[{"count":4,"href":"https:\/\/www.wasa.ee\/fi\/wp-json\/wp\/v2\/pages\/1023\/revisions"}],"predecessor-version":[{"id":6195,"href":"https:\/\/www.wasa.ee\/fi\/wp-json\/wp\/v2\/pages\/1023\/revisions\/6195"}],"up":[{"embeddable":true,"href":"https:\/\/www.wasa.ee\/fi\/wp-json\/wp\/v2\/pages\/861"}],"wp:attachment":[{"href":"https:\/\/www.wasa.ee\/fi\/wp-json\/wp\/v2\/media?parent=1023"}],"curies":[{"name":"wp","href":"https:\/\/api.w.org\/{rel}","templated":true}]}}